{"id":35,"date":"2018-06-11T10:30:24","date_gmt":"2018-06-11T08:30:24","guid":{"rendered":"https:\/\/www.exmeto.fr\/?page_id=35"},"modified":"2019-09-10T20:30:50","modified_gmt":"2019-09-10T18:30:50","slug":"recyclage-carbure-de-tungstene","status":"publish","type":"page","link":"https:\/\/www.exmeto.fr\/index.php\/recyclage-carbure-de-tungstene\/","title":{"rendered":"Recyclage Carbure de Tungst\u00e8ne"},"content":{"rendered":"<div class=\"fusion-fullwidth fullwidth-box fusion-builder-row-1 nonhundred-percent-fullwidth non-hundred-percent-height-scrolling\" style=\"background-color: rgba(255,255,255,0);background-position: center center;background-repeat: no-repeat;padding-top:0px;padding-right:0px;padding-bottom:0px;padding-left:0px;margin-bottom: 0px;margin-top: 0px;border-width: 0px 0px 0px 0px;border-color:#eae9e9;border-style:solid;\" ><div class=\"fusion-builder-row fusion-row\"><div class=\"fusion-layout-column fusion_builder_column fusion-builder-column-0 fusion_builder_column_1_1 1_1 fusion-one-full fusion-column-first fusion-column-last\" style=\"margin-top:0px;margin-bottom:20px;\"><div class=\"fusion-column-wrapper fusion-flex-column-wrapper-legacy\" style=\"background-position:left top;background-repeat:no-repeat;-webkit-background-size:cover;-moz-background-size:cover;-o-background-size:cover;background-size:cover;padding: 0px 0px 0px 0px;\"><style type=\"text\/css\"><\/style><div class=\"fusion-title title fusion-title-1 fusion-title-center fusion-title-text fusion-title-size-two\" style=\"margin-top:0px;margin-right:0px;margin-bottom:31px;margin-left:0px;\"><div class=\"title-sep-container title-sep-container-left\"><div class=\"title-sep sep-double sep-solid\" style=\"border-color:#f26800;\"><\/div><\/div><span class=\"awb-title-spacer\"><\/span><h2 class=\"title-heading-center\" style=\"margin:0;\">Recyclage du Carbure de Tungst\u00e8ne France Europe<\/h2><span class=\"awb-title-spacer\"><\/span><div class=\"title-sep-container title-sep-container-right\"><div class=\"title-sep sep-double sep-solid\" style=\"border-color:#f26800;\"><\/div><\/div><\/div><div class=\"fusion-text fusion-text-1\"><p style=\"text-align: justify;\">Exmeto est sp\u00e9cialis\u00e9 tout particuli\u00e8rement dans le recyclage et retraitement du carbure de tungst\u00e8ne sous toutes ses formes qu&rsquo;il soit sous forme de :<\/p>\n<ul>\n<li>Les plaquettes, forets, outils coupants mais aussi les pi\u00e8ces d\u2019usure.<\/li>\n<li>Les dents de fraisage asphalte, les poudres de pulv\u00e9risation thermiques.<\/li>\n<li>Les boues de rectifications et pon\u00e7age, souvent \u00e0 l\u2019\u00e9tat liquide avec de l\u2019eau ou de l\u2019huile. L\u2019\u00e9chantillon est n\u00e9cessaire pour analyse<\/li>\n<li>Les filtres ou cartouches de filtres de diff\u00e9rentes rectifieuses contenant du carbure de tungst\u00e8ne.<\/li>\n<li>Les diff\u00e9rents alliages contenant du tungst\u00e8ne comme : HELVIMET \u2013 DENSALLOY<\/li>\n<\/ul>\n<\/div><div class=\"fusion-clearfix\"><\/div><\/div><\/div><div class=\"fusion-layout-column fusion_builder_column fusion-builder-column-1 fusion_builder_column_3_5 3_5 fusion-three-fifth fusion-column-first\" style=\"width:60%;width:calc(60% - ( ( 4% ) * 0.6 ) );margin-right: 4%;margin-top:0px;margin-bottom:20px;\"><div class=\"fusion-column-wrapper fusion-flex-column-wrapper-legacy\" style=\"background-position:left top;background-repeat:no-repeat;-webkit-background-size:cover;-moz-background-size:cover;-o-background-size:cover;background-size:cover;padding: 0px 0px 0px 0px;\"><div class=\"fusion-text fusion-text-2\"><h3>Que deviennent vos anciennes pi\u00e8ces ?<\/h3>\n<p>Elles sont tri\u00e9es, broy\u00e9es et r\u00e9duite \u00e0 l\u2019\u00e9tat d\u2019origine en poudre.<br \/>\nCes nuances m\u00e9lang\u00e9es servent surtout \u00e0 refaire des pi\u00e8ces dans des activit\u00e9s mini\u00e8res, carri\u00e8res, extractions etc\u2026<\/p>\n<h3>Quels secteurs concern\u00e9s ?<\/h3>\n<p>Tous les secteurs industriels, la d\u00e9marche \u00e9coresponsable concerne toutes les entreprises.<\/p>\n<\/div><div class=\"fusion-text fusion-text-3\"><h4>Collecte et Transport<\/h4>\n<ul>\n<li>Vous nous contactez pour obtenir une estimation<\/li>\n<li>Nous organisons le ramassage sur place<\/li>\n<li>Apr\u00e8s v\u00e9rifications, nous vous r\u00e9glons \u00e0 r\u00e9ception de votre facture.<\/li>\n<\/ul>\n<\/div><div class=\"fusion-text fusion-text-4\"><h5>D\u00e9montage et s\u00e9paration<\/h5>\n<p style=\"text-align: justify;\">Nous avons une longue exp\u00e9rience et les comp\u00e9tences pour d\u00e9monter vos outillages bi-m\u00e9taux. Nos process valid\u00e9s depuis de nombreuses ann\u00e9es fonctionnent parfaitement et int\u00e9ressent nos clients concern\u00e9s par cette probl\u00e9matique.<\/p>\n<\/div><div class=\"fusion-clearfix\"><\/div><\/div><\/div><div class=\"fusion-layout-column fusion_builder_column fusion-builder-column-2 fusion_builder_column_2_5 2_5 fusion-two-fifth fusion-column-last\" style=\"width:40%;width:calc(40% - ( ( 4% ) * 0.4 ) );margin-top:0px;margin-bottom:20px;\"><div class=\"fusion-column-wrapper fusion-flex-column-wrapper-legacy\" style=\"background-position:left top;background-repeat:no-repeat;-webkit-background-size:cover;-moz-background-size:cover;-o-background-size:cover;background-size:cover;background-color:#4c4c4c;padding: 10px 10px 10px 10px;\"><div class=\"fusion-text fusion-text-5\"><h4><span style=\"color: #ff6600;\">Demandez une \u00e9valuation \u00e0 notre acheteur<\/span><\/h4>\n\n<div class=\"wpcf7 no-js\" id=\"wpcf7-f4-o1\" lang=\"en-US\" dir=\"ltr\">\n<div class=\"screen-reader-response\"><p role=\"status\" aria-live=\"polite\" aria-atomic=\"true\"><\/p> <ul><\/ul><\/div>\n<form action=\"\/index.php\/wp-json\/wp\/v2\/pages\/35#wpcf7-f4-o1\" method=\"post\" class=\"wpcf7-form init\" aria-label=\"Contact form\" novalidate=\"novalidate\" data-status=\"init\">\n<div style=\"display: none;\">\n<input type=\"hidden\" name=\"_wpcf7\" value=\"4\" \/>\n<input type=\"hidden\" name=\"_wpcf7_version\" value=\"5.7.3\" \/>\n<input type=\"hidden\" name=\"_wpcf7_locale\" value=\"en_US\" \/>\n<input type=\"hidden\" name=\"_wpcf7_unit_tag\" value=\"wpcf7-f4-o1\" \/>\n<input type=\"hidden\" name=\"_wpcf7_container_post\" value=\"0\" \/>\n<input type=\"hidden\" name=\"_wpcf7_posted_data_hash\" value=\"\" \/>\n<\/div>\n<p><label> Votre Nom (Obligatoire)<br \/>\n<span class=\"wpcf7-form-control-wrap\" data-name=\"your-name\"><input size=\"40\" class=\"wpcf7-form-control wpcf7-text wpcf7-validates-as-required\" aria-required=\"true\" aria-invalid=\"false\" value=\"\" type=\"text\" name=\"your-name\" \/><\/span> <\/label>\n<\/p>\n<p><label> Votre Email (Obligatoire)<br \/>\n<span class=\"wpcf7-form-control-wrap\" data-name=\"your-email\"><input size=\"40\" class=\"wpcf7-form-control wpcf7-text wpcf7-email wpcf7-validates-as-required wpcf7-validates-as-email\" aria-required=\"true\" aria-invalid=\"false\" value=\"\" type=\"email\" name=\"your-email\" \/><\/span> <\/label>\n<\/p>\n<p><label> Sujet<br \/>\n<span class=\"wpcf7-form-control-wrap\" data-name=\"your-subject\"><input size=\"40\" class=\"wpcf7-form-control wpcf7-text\" aria-invalid=\"false\" value=\"\" type=\"text\" name=\"your-subject\" \/><\/span> <\/label>\n<\/p>\n<p><label> Votre Demande<br \/>\n<span class=\"wpcf7-form-control-wrap\" data-name=\"your-message\"><textarea cols=\"40\" rows=\"10\" class=\"wpcf7-form-control wpcf7-textarea\" aria-invalid=\"false\" name=\"your-message\"><\/textarea><\/span> <\/label>\n<\/p>\n<p><input class=\"wpcf7-form-control has-spinner wpcf7-submit\" type=\"submit\" value=\"Envoyer\" \/>\n<\/p><div class=\"fusion-alert alert custom alert-custom fusion-alert-center wpcf7-response-output fusion-alert-capitalize alert-dismissable\" role=\"alert\" style=\"border-width:1px;\"><div class=\"fusion-alert-content-wrapper\"><span class=\"fusion-alert-content\"><\/span><\/div><button type=\"button\" class=\"close toggle-alert\" data-dismiss=\"alert\" aria-label=\"Close\">&times;<\/button><\/div>\n<\/form>\n<\/div>\n\n<\/div><div class=\"fusion-clearfix\"><\/div><\/div><\/div><div class=\"fusion-layout-column fusion_builder_column fusion-builder-column-3 fusion_builder_column_1_1 1_1 fusion-one-full fusion-column-first fusion-column-last\" style=\"margin-top:0px;margin-bottom:20px;\"><div class=\"fusion-column-wrapper fusion-flex-column-wrapper-legacy\" style=\"background-position:left top;background-repeat:no-repeat;-webkit-background-size:cover;-moz-background-size:cover;-o-background-size:cover;background-size:cover;padding: 0px 0px 0px 0px;\"><span id=\"post-ratings-35\" class=\"post-ratings\" data-nonce=\"12cf848e3b\"><img id=\"rating_35_1\" src=\"https:\/\/www.exmeto.fr\/wp-content\/plugins\/wp-postratings\/images\/stars_crystal\/rating_on.gif\" alt=\"1 Etoile\" title=\"1 Etoile\" onmouseover=\"current_rating(35, 1, '1 Etoile');\" onmouseout=\"ratings_off(4.8, 5, 0);\" onclick=\"rate_post();\" onkeypress=\"rate_post();\" style=\"cursor: pointer; border: 0px;\" \/><img id=\"rating_35_2\" src=\"https:\/\/www.exmeto.fr\/wp-content\/plugins\/wp-postratings\/images\/stars_crystal\/rating_on.gif\" alt=\"2 Etoiles\" title=\"2 Etoiles\" onmouseover=\"current_rating(35, 2, '2 Etoiles');\" onmouseout=\"ratings_off(4.8, 5, 0);\" onclick=\"rate_post();\" onkeypress=\"rate_post();\" style=\"cursor: pointer; border: 0px;\" \/><img id=\"rating_35_3\" src=\"https:\/\/www.exmeto.fr\/wp-content\/plugins\/wp-postratings\/images\/stars_crystal\/rating_on.gif\" alt=\"3 Etoiles\" title=\"3 Etoiles\" onmouseover=\"current_rating(35, 3, '3 Etoiles');\" onmouseout=\"ratings_off(4.8, 5, 0);\" onclick=\"rate_post();\" onkeypress=\"rate_post();\" style=\"cursor: pointer; border: 0px;\" \/><img id=\"rating_35_4\" src=\"https:\/\/www.exmeto.fr\/wp-content\/plugins\/wp-postratings\/images\/stars_crystal\/rating_on.gif\" alt=\"4 Etoiles\" title=\"4 Etoiles\" onmouseover=\"current_rating(35, 4, '4 Etoiles');\" onmouseout=\"ratings_off(4.8, 5, 0);\" onclick=\"rate_post();\" onkeypress=\"rate_post();\" style=\"cursor: pointer; border: 0px;\" \/><img id=\"rating_35_5\" src=\"https:\/\/www.exmeto.fr\/wp-content\/plugins\/wp-postratings\/images\/stars_crystal\/rating_half.gif\" alt=\"5 Etoiles\" title=\"5 Etoiles\" onmouseover=\"current_rating(35, 5, '5 Etoiles');\" onmouseout=\"ratings_off(4.8, 5, 0);\" onclick=\"rate_post();\" onkeypress=\"rate_post();\" style=\"cursor: pointer; border: 0px;\" \/> (<strong>4<\/strong> votes, moyenne : <strong>4,75<\/strong> out of 5)<br \/><span class=\"post-ratings-text\" id=\"ratings_35_text\"><\/span><\/span><span id=\"post-ratings-35-loading\" class=\"post-ratings-loading\"><img src=\"https:\/\/www.exmeto.fr\/wp-content\/plugins\/wp-postratings\/images\/loading.gif\" width=\"16\" height=\"16\" class=\"post-ratings-image\" \/>Loading...<\/span><div class=\"fusion-clearfix\"><\/div><\/div><\/div><\/div><\/div>\n","protected":false},"excerpt":{"rendered":"","protected":false},"author":1,"featured_media":0,"parent":0,"menu_order":0,"comment_status":"closed","ping_status":"closed","template":"","meta":[],"_links":{"self":[{"href":"https:\/\/www.exmeto.fr\/index.php\/wp-json\/wp\/v2\/pages\/35"}],"collection":[{"href":"https:\/\/www.exmeto.fr\/index.php\/wp-json\/wp\/v2\/pages"}],"about":[{"href":"https:\/\/www.exmeto.fr\/index.php\/wp-json\/wp\/v2\/types\/page"}],"author":[{"embeddable":true,"href":"https:\/\/www.exmeto.fr\/index.php\/wp-json\/wp\/v2\/users\/1"}],"replies":[{"embeddable":true,"href":"https:\/\/www.exmeto.fr\/index.php\/wp-json\/wp\/v2\/comments?post=35"}],"version-history":[{"count":11,"href":"https:\/\/www.exmeto.fr\/index.php\/wp-json\/wp\/v2\/pages\/35\/revisions"}],"predecessor-version":[{"id":73,"href":"https:\/\/www.exmeto.fr\/index.php\/wp-json\/wp\/v2\/pages\/35\/revisions\/73"}],"wp:attachment":[{"href":"https:\/\/www.exmeto.fr\/index.php\/wp-json\/wp\/v2\/media?parent=35"}],"curies":[{"name":"wp","href":"https:\/\/api.w.org\/{rel}","templated":true}]}}