{"id":5,"date":"2018-06-05T12:04:53","date_gmt":"2018-06-05T10:04:53","guid":{"rendered":"https:\/\/www.exmeto.fr\/?page_id=5"},"modified":"2025-11-20T10:00:30","modified_gmt":"2025-11-20T09:00:30","slug":"exmeto-recyclage-de-carbure-de-tungstene","status":"publish","type":"page","link":"https:\/\/www.exmeto.fr\/","title":{"rendered":"Exmeto Recyclage de carbure de tungst\u00e8ne"},"content":{"rendered":"<p><div class=\"fusion-fullwidth fullwidth-box fusion-builder-row-1 nonhundred-percent-fullwidth non-hundred-percent-height-scrolling\" style=\"background-color: rgba(255,255,255,0);background-position: center center;background-repeat: no-repeat;padding-top:0px;padding-right:0px;padding-bottom:0px;padding-left:0px;margin-bottom: 0px;margin-top: 0px;border-width: 0px 0px 0px 0px;border-color:#eae9e9;border-style:solid;\" ><div class=\"fusion-builder-row fusion-row\"><div class=\"fusion-layout-column fusion_builder_column fusion-builder-column-0 fusion_builder_column_1_1 1_1 fusion-one-full fusion-column-first fusion-column-last\" style=\"margin-top:0px;margin-bottom:20px;\"><div class=\"fusion-column-wrapper fusion-flex-column-wrapper-legacy\" style=\"background-position:left top;background-repeat:no-repeat;-webkit-background-size:cover;-moz-background-size:cover;-o-background-size:cover;background-size:cover;padding: 0px 0px 0px 0px;\"><style type=\"text\/css\"><\/style><div class=\"fusion-title title fusion-title-1 fusion-title-center fusion-title-text fusion-title-size-two\" style=\"margin-top:0px;margin-right:0px;margin-bottom:31px;margin-left:0px;\"><div class=\"title-sep-container title-sep-container-left\"><div class=\"title-sep sep-double sep-solid\" style=\"border-color:#f26800;\"><\/div><\/div><span class=\"awb-title-spacer\"><\/span><h2 class=\"title-heading-center\" style=\"margin:0;\">Recyclage de carbure de tungst\u00e8ne<\/h2><span class=\"awb-title-spacer\"><\/span><div class=\"title-sep-container title-sep-container-right\"><div class=\"title-sep sep-double sep-solid\" style=\"border-color:#f26800;\"><\/div><\/div><\/div><div class=\"fusion-text fusion-text-1\"><p style=\"text-align: justify;\">La question environnementale est pr\u00e9sente aujourd\u2019hui dans tous les secteurs industriels.<br \/>\nLe recyclage des diff\u00e9rents outillages utilis\u00e9s en production devient une priorit\u00e9 pour les entreprises soucieuses d\u2019avoir une d\u00e9marche positive et \u00e9coresponsable.<br \/>\nLes clients ont \u00e0 disposition au choix, des emballages EXMETO ou diff\u00e9rentes caisses bois qu\u2019ils remplissent au fur et mesure de leur triages.<\/p>\n<p style=\"text-align: justify;\">Le processus de recyclage du carbure peut \u00eatre reproduit X fois. Certains outils usag\u00e9s peuvent ainsi avoir plusieurs vies.<br \/>\nCertains clients avaient l\u2019habitude de mettre tous leurs outils dans la benne \u00e0 ferraille. La perte financi\u00e8re repr\u00e9sentait beaucoup d\u2019argent pour certains d\u2019entre eux.<\/p>\n<p style=\"text-align: justify;\">La solution apport\u00e9e par EXMETO est donc g\u00e9n\u00e9ratrice d\u2019\u00e9conomies substantielles pour nos clients.<br \/>\nEXMETO est donc le partenaire s\u00e9rieux, qui va vous permettre de revaloriser vos d\u00e9chets solides ou liquides, en vous offrant les meilleures conditions possibles.<\/p>\n<\/div><div class=\"fusion-clearfix\"><\/div><\/div><\/div><\/div><\/div><div class=\"fusion-fullwidth fullwidth-box fusion-builder-row-2 nonhundred-percent-fullwidth non-hundred-percent-height-scrolling\" style=\"background-color: rgba(255,255,255,0);background-position: center center;background-repeat: no-repeat;padding-top:0px;padding-right:0px;padding-bottom:0px;padding-left:0px;margin-bottom: 0px;margin-top: 0px;border-width: 0px 0px 0px 0px;border-color:#eae9e9;border-style:solid;\" ><div class=\"fusion-builder-row fusion-row\"><div class=\"fusion-layout-column fusion_builder_column fusion-builder-column-1 fusion_builder_column_3_5 3_5 fusion-three-fifth fusion-column-first\" style=\"width:60%;width:calc(60% - ( ( 4% ) * 0.6 ) );margin-right: 4%;margin-top:0px;margin-bottom:20px;\"><div class=\"fusion-column-wrapper fusion-flex-column-wrapper-legacy\" style=\"background-position:left top;background-repeat:no-repeat;-webkit-background-size:cover;-moz-background-size:cover;-o-background-size:cover;background-size:cover;padding: 0px 0px 0px 0px;\"><style type=\"text\/css\"><\/style><div class=\"fusion-title title fusion-title-2 fusion-title-text fusion-title-size-three\" style=\"margin-top:0px;margin-right:0px;margin-bottom:31px;margin-left:0px;\"><h3 class=\"title-heading-left\" style=\"margin:0;\">EXMETO recycle principalement<\/h3><span class=\"awb-title-spacer\"><\/span><div class=\"title-sep-container\"><div class=\"title-sep sep-double sep-solid\" style=\"border-color:#f26800;\"><\/div><\/div><\/div><div class=\"fusion-text fusion-text-2 arm\"><p>Parmi les nombreux mat\u00e9riaux recyclables EXMETO est particuli\u00e8rement sp\u00e9cialis\u00e9 dans le recyclage de:<\/p>\n<ul>\n<li><a href=\"https:\/\/www.exmeto.fr\/index.php\/recyclage-carbure-de-tungstene\/\">CARBURE DE TUNGSTENE<\/a><\/li>\n<li><a href=\"https:\/\/www.exmeto.fr\/index.php\/materiaux-recycles-par-exmeto\/\">INCONEL<\/a><\/li>\n<li><a href=\"https:\/\/www.exmeto.fr\/index.php\/materiaux-recycles-par-exmeto\/\">TITANE<\/a><\/li>\n<li><a href=\"https:\/\/www.exmeto.fr\/index.php\/materiaux-recycles-par-exmeto\/\">MOLYBDENE<\/a><\/li>\n<li><a href=\"https:\/\/www.exmeto.fr\/index.php\/materiaux-recycles-par-exmeto\/\">TANTALE<\/a><\/li>\n<li><a href=\"https:\/\/www.exmeto.fr\/index.php\/materiaux-recycles-par-exmeto\/\">ZIRCONIUM<\/a><\/li>\n<li><a href=\"https:\/\/www.exmeto.fr\/index.php\/materiaux-recycles-par-exmeto\/\">CUIVRE<\/a><\/li>\n<li><a href=\"https:\/\/www.exmeto.fr\/index.php\/materiaux-recycles-par-exmeto\/\">NIKEL<\/a><\/li>\n<li><a href=\"https:\/\/www.exmeto.fr\/index.php\/materiaux-recycles-par-exmeto\/\">SILICIUM<\/a><\/li>\n<li><a href=\"https:\/\/www.exmeto.fr\/index.php\/materiaux-recycles-par-exmeto\/\">STELLITE<\/a><\/li>\n<\/ul>\n<p style=\"text-align: justify;\">Nous assurons la chaine de recyclage de la collecte au d\u00e9montage en passant par la s\u00e9paration des diff\u00e9rents mat\u00e9riaux le cas \u00e9ch\u00e9ant.<\/p>\n<\/div><div class=\"fusion-clearfix\"><\/div><\/div><\/div><div class=\"fusion-layout-column fusion_builder_column fusion-builder-column-2 fusion_builder_column_2_5 2_5 fusion-two-fifth fusion-column-last\" style=\"width:40%;width:calc(40% - ( ( 4% ) * 0.4 ) );margin-top:0px;margin-bottom:20px;\"><div class=\"fusion-column-wrapper fusion-flex-column-wrapper-legacy\" style=\"background-position:left top;background-repeat:no-repeat;-webkit-background-size:cover;-moz-background-size:cover;-o-background-size:cover;background-size:cover;background-color:#4c4c4c;padding: 10px 10px 10px 10px;\"><div class=\"fusion-text fusion-text-3\"><h4><span style=\"color: #ff6600;\">Demandez une \u00e9valuation \u00e0 notre acheteur<\/span><\/h4>\n\n<div class=\"wpcf7 no-js\" id=\"wpcf7-f4-o1\" lang=\"en-US\" dir=\"ltr\">\n<div class=\"screen-reader-response\"><p role=\"status\" aria-live=\"polite\" aria-atomic=\"true\"><\/p> <ul><\/ul><\/div>\n<form action=\"\/index.php\/wp-json\/wp\/v2\/pages\/5#wpcf7-f4-o1\" method=\"post\" class=\"wpcf7-form init\" aria-label=\"Contact form\" novalidate=\"novalidate\" data-status=\"init\">\n<div style=\"display: none;\">\n<input type=\"hidden\" name=\"_wpcf7\" value=\"4\" \/>\n<input type=\"hidden\" name=\"_wpcf7_version\" value=\"5.7.3\" \/>\n<input type=\"hidden\" name=\"_wpcf7_locale\" value=\"en_US\" \/>\n<input type=\"hidden\" name=\"_wpcf7_unit_tag\" value=\"wpcf7-f4-o1\" \/>\n<input type=\"hidden\" name=\"_wpcf7_container_post\" value=\"0\" \/>\n<input type=\"hidden\" name=\"_wpcf7_posted_data_hash\" value=\"\" \/>\n<\/div>\n<p><label> Votre Nom (Obligatoire)<br \/>\n<span class=\"wpcf7-form-control-wrap\" data-name=\"your-name\"><input size=\"40\" class=\"wpcf7-form-control wpcf7-text wpcf7-validates-as-required\" aria-required=\"true\" aria-invalid=\"false\" value=\"\" type=\"text\" name=\"your-name\" \/><\/span> <\/label>\n<\/p>\n<p><label> Votre Email (Obligatoire)<br \/>\n<span class=\"wpcf7-form-control-wrap\" data-name=\"your-email\"><input size=\"40\" class=\"wpcf7-form-control wpcf7-text wpcf7-email wpcf7-validates-as-required wpcf7-validates-as-email\" aria-required=\"true\" aria-invalid=\"false\" value=\"\" type=\"email\" name=\"your-email\" \/><\/span> <\/label>\n<\/p>\n<p><label> Sujet<br \/>\n<span class=\"wpcf7-form-control-wrap\" data-name=\"your-subject\"><input size=\"40\" class=\"wpcf7-form-control wpcf7-text\" aria-invalid=\"false\" value=\"\" type=\"text\" name=\"your-subject\" \/><\/span> <\/label>\n<\/p>\n<p><label> Votre Demande<br \/>\n<span class=\"wpcf7-form-control-wrap\" data-name=\"your-message\"><textarea cols=\"40\" rows=\"10\" class=\"wpcf7-form-control wpcf7-textarea\" aria-invalid=\"false\" name=\"your-message\"><\/textarea><\/span> <\/label>\n<\/p>\n<p><input class=\"wpcf7-form-control has-spinner wpcf7-submit\" type=\"submit\" value=\"Envoyer\" \/>\n<\/p><div class=\"fusion-alert alert custom alert-custom fusion-alert-center wpcf7-response-output fusion-alert-capitalize alert-dismissable\" role=\"alert\" style=\"border-width:1px;\"><div class=\"fusion-alert-content-wrapper\"><span class=\"fusion-alert-content\"><\/span><\/div><button type=\"button\" class=\"close toggle-alert\" data-dismiss=\"alert\" aria-label=\"Close\">&times;<\/button><\/div>\n<\/form>\n<\/div>\n\n<\/div><div class=\"fusion-clearfix\"><\/div><\/div><\/div><\/div><\/div><div class=\"fusion-fullwidth fullwidth-box fusion-builder-row-3 nonhundred-percent-fullwidth non-hundred-percent-height-scrolling\" style=\"background-color: rgba(255,255,255,0);background-position: center center;background-repeat: no-repeat;padding-top:0px;padding-right:0px;padding-bottom:0px;padding-left:0px;margin-bottom: 0px;margin-top: 0px;border-width: 0px 0px 0px 0px;border-color:#eae9e9;border-style:solid;\" ><div class=\"fusion-builder-row fusion-row\"><div class=\"fusion-layout-column fusion_builder_column fusion-builder-column-3 fusion_builder_column_1_1 1_1 fusion-one-full fusion-column-first fusion-column-last\" style=\"margin-top:0px;margin-bottom:20px;\"><div class=\"fusion-column-wrapper fusion-flex-column-wrapper-legacy\" style=\"background-position:left top;background-repeat:no-repeat;-webkit-background-size:cover;-moz-background-size:cover;-o-background-size:cover;background-size:cover;padding: 0px 0px 0px 0px;\"><style type=\"text\/css\"><\/style><div class=\"fusion-title title fusion-title-3 fusion-title-center fusion-title-text fusion-title-size-four\" style=\"margin-top:0px;margin-right:0px;margin-bottom:31px;margin-left:0px;\"><div class=\"title-sep-container title-sep-container-left\"><div class=\"title-sep sep-double sep-solid\" style=\"border-color:#f26800;\"><\/div><\/div><span class=\"awb-title-spacer\"><\/span><h4 class=\"title-heading-center\" style=\"margin:0;\">D\u00e9montage et s\u00e9paration<\/h4><span class=\"awb-title-spacer\"><\/span><div class=\"title-sep-container title-sep-container-right\"><div class=\"title-sep sep-double sep-solid\" style=\"border-color:#f26800;\"><\/div><\/div><\/div><div class=\"fusion-text fusion-text-4\"><p style=\"text-align: justify;\">Nous avons une longue exp\u00e9rience et les comp\u00e9tences pour d\u00e9monter vos outillages bi-m\u00e9taux. Nos process valid\u00e9s depuis de nombreuses ann\u00e9es fonctionnent parfaitement et int\u00e9ressent nos clients concern\u00e9s par cette probl\u00e9matique.<\/p>\n<p>Si vous avez des pi\u00e8ces bi-m\u00e9tal, partie acier contenant par exemple :<\/p>\n<ul>\n<li>Noyau carbure : fili\u00e8res d\u2019\u00e9tirage, de calibrage<\/li>\n<li>Pi\u00e8ces bras\u00e9es : couteaux de cisaille, pi\u00e8ces de frottement<\/li>\n<li>Pi\u00e8ces coll\u00e9es : calibres de mesures, pi\u00e8ces centerless<\/li>\n<li>Inserts acier bras\u00e9s dans le carbure : filetage, guidage<\/li>\n<\/ul>\n<p>Les conditions de rachat sont nettement meilleures, plut\u00f4t que de les vendre en l\u2019\u00e9tat.<\/p>\n<p>Apr\u00e8s d\u00e9montage, les prix sont d\u00e9finis pour chaque mat\u00e9riau :<\/p>\n<ul>\n<li>Prix de l\u2019acier d\u00e9mont\u00e9 au kilo<\/li>\n<li>Prix du carbure d\u00e9mont\u00e9 au kilo<\/li>\n<\/ul>\n<\/div><div class=\"fusion-clearfix\"><\/div><\/div><\/div><\/div><\/div><\/p>\n","protected":false},"excerpt":{"rendered":"","protected":false},"author":1,"featured_media":0,"parent":0,"menu_order":0,"comment_status":"closed","ping_status":"closed","template":"","meta":[],"_links":{"self":[{"href":"https:\/\/www.exmeto.fr\/index.php\/wp-json\/wp\/v2\/pages\/5"}],"collection":[{"href":"https:\/\/www.exmeto.fr\/index.php\/wp-json\/wp\/v2\/pages"}],"about":[{"href":"https:\/\/www.exmeto.fr\/index.php\/wp-json\/wp\/v2\/types\/page"}],"author":[{"embeddable":true,"href":"https:\/\/www.exmeto.fr\/index.php\/wp-json\/wp\/v2\/users\/1"}],"replies":[{"embeddable":true,"href":"https:\/\/www.exmeto.fr\/index.php\/wp-json\/wp\/v2\/comments?post=5"}],"version-history":[{"count":25,"href":"https:\/\/www.exmeto.fr\/index.php\/wp-json\/wp\/v2\/pages\/5\/revisions"}],"predecessor-version":[{"id":82,"href":"https:\/\/www.exmeto.fr\/index.php\/wp-json\/wp\/v2\/pages\/5\/revisions\/82"}],"wp:attachment":[{"href":"https:\/\/www.exmeto.fr\/index.php\/wp-json\/wp\/v2\/media?parent=5"}],"curies":[{"name":"wp","href":"https:\/\/api.w.org\/{rel}","templated":true}]}}